{"id":1039,"date":"2021-12-21T20:12:56","date_gmt":"2021-12-21T20:12:56","guid":{"rendered":"https:\/\/startersites.io\/elementor\/homi\/?page_id=1039"},"modified":"2025-11-14T12:43:57","modified_gmt":"2025-11-14T11:43:57","slug":"a-propos","status":"publish","type":"page","link":"https:\/\/arcturus-stella.fr\/?page_id=1039","title":{"rendered":"\u00c0 propos"},"content":{"rendered":"\t\t<div data-elementor-type=\"wp-page\" data-elementor-id=\"1039\" class=\"elementor elementor-1039\">\n\t\t\t\t\t\t<section class=\"elementor-section elementor-top-section elementor-element elementor-element-f1fb84e elementor-section-boxed elementor-section-height-default elementor-section-height-default\" data-id=\"f1fb84e\" data-element_type=\"section\" data-e-type=\"section\">\n\t\t\t\t\t\t<div class=\"elementor-container elementor-column-gap-default\">\n\t\t\t\t\t<div class=\"elementor-column elementor-col-100 elementor-top-column elementor-element elementor-element-b95565c\" data-id=\"b95565c\" data-element_type=\"column\" data-e-type=\"column\">\n\t\t\t<div class=\"elementor-widget-wrap elementor-element-populated\">\n\t\t\t\t\t\t<div class=\"elementor-element elementor-element-a1f6e0d elementor-widget-divider--view-line elementor-widget elementor-widget-divider\" data-id=\"a1f6e0d\" data-element_type=\"widget\" data-e-type=\"widget\" data-widget_type=\"divider.default\">\n\t\t\t\t\t\t\t<div class=\"elementor-divider\">\n\t\t\t<span class=\"elementor-divider-separator\">\n\t\t\t\t\t\t<\/span>\n\t\t<\/div>\n\t\t\t\t\t\t<\/div>\n\t\t\t\t<div class=\"elementor-element elementor-element-f5f169e elementor-widget elementor-widget-heading\" data-id=\"f5f169e\" data-element_type=\"widget\" data-e-type=\"widget\" data-widget_type=\"heading.default\">\n\t\t\t\t\t<h2 class=\"elementor-heading-title elementor-size-default\">Concept de la Maison <\/h2>\t\t\t\t<\/div>\n\t\t\t\t\t<\/div>\n\t\t<\/div>\n\t\t\t\t\t<\/div>\n\t\t<\/section>\n\t\t\t\t<section class=\"elementor-section elementor-top-section elementor-element elementor-element-bba6cb0 elementor-section-boxed elementor-section-height-default elementor-section-height-default\" data-id=\"bba6cb0\" data-element_type=\"section\" data-e-type=\"section\">\n\t\t\t\t\t\t<div class=\"elementor-container elementor-column-gap-extended\">\n\t\t\t\t\t<div class=\"elementor-column elementor-col-50 elementor-top-column elementor-element elementor-element-caebb6a\" data-id=\"caebb6a\" data-element_type=\"column\" data-e-type=\"column\">\n\t\t\t<div class=\"elementor-widget-wrap elementor-element-populated\">\n\t\t\t\t\t\t<div class=\"elementor-element elementor-element-d0d11e3 elementor-widget elementor-widget-text-editor\" data-id=\"d0d11e3\" data-element_type=\"widget\" data-e-type=\"widget\" data-widget_type=\"text-editor.default\">\n\t\t\t\t\t\t\t\t\t<p class=\"cvGsUA direction-ltr align-justify para-style-body\"><span class=\"a_GcMg font-feature-liga-off font-feature-clig-off font-feature-calt-off text-decoration-none text-strikethrough-none\">Arcturus Stella vous propose d\u2019 explorer le subtil \u00e0 travers des lectures et guidances intuitives. Ces derni\u00e8res permettent de percevoir au del\u00e0 du monde physique et des sens, en questionnant les cartes de divination.<\/span><\/p><p class=\"cvGsUA direction-ltr align-justify para-style-body\"><span class=\"a_GcMg font-feature-liga-off font-feature-clig-off font-feature-calt-off text-decoration-none text-strikethrough-none\">Prochainement, un oracle auto-\u00e9dit\u00e9 par la maison viendra prolonger cette exploration : un miroir symbolique de la guidance int\u00e9rieure pour dialoguer avec son \u00e2me et se relier \u00e0 sa propre lumi\u00e8re.<\/span><\/p><p class=\"cvGsUA direction-ltr align-justify para-style-body\"><span class=\"a_GcMg font-feature-liga-off font-feature-clig-off font-feature-calt-off text-decoration-none text-strikethrough-none\">Viens ensuite le sacr\u00e9, celui du rituel et du geste conscient.<\/span> <span class=\"a_GcMg font-feature-liga-off font-feature-clig-off font-feature-calt-off text-decoration-none text-strikethrough-none\">Les cr\u00e9ations \u00e9sot\u00e9riques d\u2019Arcturus Stella : bougies d\u2019intention, bougies m\u00e9ditatives, sels de bain \u00e9nerg\u00e9tiques et m\u00e9ditatifs \u2014 sont con\u00e7ues comme de v\u00e9ritables rituels sacr\u00e9s. Pens\u00e9es pour s\u2019int\u00e9grer naturellement dans le quotidien, elles vous invitent \u00e0 ralentir, ressentir et honorer l\u2019instant.<\/span><\/p>\t\t\t\t\t\t\t\t<\/div>\n\t\t\t\t<div class=\"elementor-element elementor-element-c7820f5 elementor-widget elementor-widget-spacer\" data-id=\"c7820f5\" data-element_type=\"widget\" data-e-type=\"widget\" data-widget_type=\"spacer.default\">\n\t\t\t\t\t\t\t<div class=\"elementor-spacer\">\n\t\t\t<div class=\"elementor-spacer-inner\"><\/div>\n\t\t<\/div>\n\t\t\t\t\t\t<\/div>\n\t\t\t\t\t<\/div>\n\t\t<\/div>\n\t\t\t\t<div class=\"elementor-column elementor-col-50 elementor-top-column elementor-element elementor-element-a271c13\" data-id=\"a271c13\" data-element_type=\"column\" data-e-type=\"column\">\n\t\t\t<div class=\"elementor-widget-wrap elementor-element-populated\">\n\t\t\t\t\t\t<div class=\"elementor-element elementor-element-5f685f3 elementor-widget elementor-widget-text-editor\" data-id=\"5f685f3\" data-element_type=\"widget\" data-e-type=\"widget\" data-widget_type=\"text-editor.default\">\n\t\t\t\t\t\t\t\t\t<p class=\"cvGsUA direction-ltr align-justify para-style-body\"><span class=\"a_GcMg font-feature-liga-off font-feature-clig-off font-feature-calt-off text-decoration-none text-strikethrough-none\">Enfin, le soi se r\u00e9v\u00e8lera dans de futurs \u00e9v\u00e8nements immersifs organis\u00e9s par la Maison : bains sonores, cercles de femmes, ateliers d\u2019\u00e9veils, retraites initiatiques\u2026 Autant d\u2019espaces d\u2019ouverture et de transformation, o\u00f9 l\u2019on chemine vers une spiritualit\u00e9 libre.<\/span><\/p><p class=\"cvGsUA direction-ltr align-justify para-style-body\"><span class=\"a_GcMg font-feature-liga-off font-feature-clig-off font-feature-calt-off text-decoration-none text-strikethrough-none\">Inspir\u00e9e par la lune, la terre et le d\u00e9sert, Arcturus Stella unit les \u00e9nergies du f\u00e9minin et du masculin sacr\u00e9s dans une esth\u00e9tique boh\u00e8me et \u00e9pur\u00e9e. Ses mati\u00e8res naturelles, ses textures brutes et ses atmosph\u00e8res nomades invitent \u00e0 ralentir, \u00e0 ressentir, \u00e0 voyager \u00e0 l\u2019int\u00e9rieur de soi.<\/span><\/p>\t\t\t\t\t\t\t\t<\/div>\n\t\t\t\t<div class=\"elementor-element elementor-element-d3d07bc elementor-widget elementor-widget-spacer\" data-id=\"d3d07bc\" data-element_type=\"widget\" data-e-type=\"widget\" data-widget_type=\"spacer.default\">\n\t\t\t\t\t\t\t<div class=\"elementor-spacer\">\n\t\t\t<div class=\"elementor-spacer-inner\"><\/div>\n\t\t<\/div>\n\t\t\t\t\t\t<\/div>\n\t\t\t\t\t<\/div>\n\t\t<\/div>\n\t\t\t\t\t<\/div>\n\t\t<\/section>\n\t\t<div class=\"elementor-element elementor-element-7bc9f0c e-flex e-con-boxed e-con e-parent\" data-id=\"7bc9f0c\" data-element_type=\"container\" data-e-type=\"container\" data-settings=\"{&quot;background_background&quot;:&quot;classic&quot;}\">\n\t\t\t\t\t<div class=\"e-con-inner\">\n\t\t\t\t<div class=\"elementor-element elementor-element-9d917ab elementor-widget elementor-widget-image\" data-id=\"9d917ab\" data-element_type=\"widget\" data-e-type=\"widget\" data-widget_type=\"image.default\">\n\t\t\t\t\t\t\t\t\t\t\t\t\t\t\t<img fetchpriority=\"high\" decoding=\"async\" width=\"1024\" height=\"819\" src=\"https:\/\/arcturus-stella.fr\/wp-content\/uploads\/2025\/11\/Concept-de-la-Maison-2-1024x819.png\" class=\"attachment-large size-large wp-image-1807\" alt=\"\" srcset=\"https:\/\/arcturus-stella.fr\/wp-content\/uploads\/2025\/11\/Concept-de-la-Maison-2-1024x819.png 1024w, https:\/\/arcturus-stella.fr\/wp-content\/uploads\/2025\/11\/Concept-de-la-Maison-2-300x240.png 300w, https:\/\/arcturus-stella.fr\/wp-content\/uploads\/2025\/11\/Concept-de-la-Maison-2-768x614.png 768w, https:\/\/arcturus-stella.fr\/wp-content\/uploads\/2025\/11\/Concept-de-la-Maison-2-1536x1229.png 1536w, https:\/\/arcturus-stella.fr\/wp-content\/uploads\/2025\/11\/Concept-de-la-Maison-2-2048x1638.png 2048w, https:\/\/arcturus-stella.fr\/wp-content\/uploads\/2025\/11\/Concept-de-la-Maison-2-600x480.png 600w\" sizes=\"(max-width: 1024px) 100vw, 1024px\" \/>\t\t\t\t\t\t\t\t\t\t\t\t\t\t\t<\/div>\n\t\t\t\t\t<\/div>\n\t\t\t\t<\/div>\n\t\t<div class=\"elementor-element elementor-element-ce412a1 e-flex e-con-boxed e-con e-parent\" data-id=\"ce412a1\" data-element_type=\"container\" data-e-type=\"container\">\n\t\t\t\t\t<div class=\"e-con-inner\">\n\t\t\t\t<div class=\"elementor-element elementor-element-6e5bd7e elementor-widget elementor-widget-spacer\" data-id=\"6e5bd7e\" data-element_type=\"widget\" data-e-type=\"widget\" data-widget_type=\"spacer.default\">\n\t\t\t\t\t\t\t<div class=\"elementor-spacer\">\n\t\t\t<div class=\"elementor-spacer-inner\"><\/div>\n\t\t<\/div>\n\t\t\t\t\t\t<\/div>\n\t\t\t\t<div class=\"elementor-element elementor-element-92a7870 elementor-widget-divider--view-line elementor-widget elementor-widget-divider\" data-id=\"92a7870\" data-element_type=\"widget\" data-e-type=\"widget\" data-widget_type=\"divider.default\">\n\t\t\t\t\t\t\t<div class=\"elementor-divider\">\n\t\t\t<span class=\"elementor-divider-separator\">\n\t\t\t\t\t\t<\/span>\n\t\t<\/div>\n\t\t\t\t\t\t<\/div>\n\t\t\t\t<div class=\"elementor-element elementor-element-52446fe elementor-widget elementor-widget-spacer\" data-id=\"52446fe\" data-element_type=\"widget\" data-e-type=\"widget\" data-widget_type=\"spacer.default\">\n\t\t\t\t\t\t\t<div class=\"elementor-spacer\">\n\t\t\t<div class=\"elementor-spacer-inner\"><\/div>\n\t\t<\/div>\n\t\t\t\t\t\t<\/div>\n\t\t\t\t\t<\/div>\n\t\t\t\t<\/div>\n\t\t\t\t<section class=\"elementor-section elementor-top-section elementor-element elementor-element-09e7d79 ct-section-stretched elementor-section-height-min-height elementor-section-boxed elementor-section-height-default elementor-section-items-middle\" data-id=\"09e7d79\" data-element_type=\"section\" data-e-type=\"section\" data-settings=\"{&quot;background_background&quot;:&quot;classic&quot;}\">\n\t\t\t\t\t\t<div class=\"elementor-container elementor-column-gap-default\">\n\t\t\t\t\t<div class=\"elementor-column elementor-col-100 elementor-top-column elementor-element elementor-element-6311fd1\" data-id=\"6311fd1\" data-element_type=\"column\" data-e-type=\"column\">\n\t\t\t<div class=\"elementor-widget-wrap\">\n\t\t\t\t\t\t\t<\/div>\n\t\t<\/div>\n\t\t\t\t\t<\/div>\n\t\t<\/section>\n\t\t<div class=\"elementor-element elementor-element-22b8f16 e-flex e-con-boxed e-con e-parent\" data-id=\"22b8f16\" data-element_type=\"container\" data-e-type=\"container\">\n\t\t\t\t\t<div class=\"e-con-inner\">\n\t\t\t\t<div class=\"elementor-element elementor-element-5abbce4 elementor-widget elementor-widget-spacer\" data-id=\"5abbce4\" data-element_type=\"widget\" data-e-type=\"widget\" data-widget_type=\"spacer.default\">\n\t\t\t\t\t\t\t<div class=\"elementor-spacer\">\n\t\t\t<div class=\"elementor-spacer-inner\"><\/div>\n\t\t<\/div>\n\t\t\t\t\t\t<\/div>\n\t\t\t\t\t<\/div>\n\t\t\t\t<\/div>\n\t\t\t\t<\/div>\n\t\t","protected":false},"excerpt":{"rendered":"<p>Concept de la Maison Arcturus Stella vous propose d\u2019 explorer le subtil \u00e0 travers des lectures et guidances intuitives. Ces derni\u00e8res permettent de percevoir au del\u00e0 du monde physique et des sens, en questionnant les cartes de divination. Prochainement, un oracle auto-\u00e9dit\u00e9 par la maison viendra prolonger cette exploration : un miroir symbolique de la [&hellip;]<\/p>\n","protected":false},"author":1,"featured_media":0,"parent":0,"menu_order":0,"comment_status":"closed","ping_status":"closed","template":"","meta":{"footnotes":""},"class_list":["post-1039","page","type-page","status-publish","hentry"],"blocksy_meta":{"styles_descriptor":{"styles":{"desktop":"","tablet":"","mobile":""},"google_fonts":[],"version":6}},"_hostinger_reach_plugin_has_subscription_block":false,"_hostinger_reach_plugin_is_elementor":false,"_links":{"self":[{"href":"https:\/\/arcturus-stella.fr\/index.php?rest_route=\/wp\/v2\/pages\/1039","targetHints":{"allow":["GET"]}}],"collection":[{"href":"https:\/\/arcturus-stella.fr\/index.php?rest_route=\/wp\/v2\/pages"}],"about":[{"href":"https:\/\/arcturus-stella.fr\/index.php?rest_route=\/wp\/v2\/types\/page"}],"author":[{"embeddable":true,"href":"https:\/\/arcturus-stella.fr\/index.php?rest_route=\/wp\/v2\/users\/1"}],"replies":[{"embeddable":true,"href":"https:\/\/arcturus-stella.fr\/index.php?rest_route=%2Fwp%2Fv2%2Fcomments&post=1039"}],"version-history":[{"count":32,"href":"https:\/\/arcturus-stella.fr\/index.php?rest_route=\/wp\/v2\/pages\/1039\/revisions"}],"predecessor-version":[{"id":1816,"href":"https:\/\/arcturus-stella.fr\/index.php?rest_route=\/wp\/v2\/pages\/1039\/revisions\/1816"}],"wp:attachment":[{"href":"https:\/\/arcturus-stella.fr\/index.php?rest_route=%2Fwp%2Fv2%2Fmedia&parent=1039"}],"curies":[{"name":"wp","href":"https:\/\/api.w.org\/{rel}","templated":true}]}}