{"id":1714,"date":"2025-11-11T18:15:51","date_gmt":"2025-11-11T17:15:51","guid":{"rendered":"https:\/\/arcturus-stella.fr\/?post_type=product&#038;p=1714"},"modified":"2025-11-14T12:01:20","modified_gmt":"2025-11-14T11:01:20","slug":"ebook-rituels-nomades","status":"publish","type":"product","link":"https:\/\/arcturus-stella.fr\/?product=ebook-rituels-nomades","title":{"rendered":"Ebook Rituels Nomades"},"content":{"rendered":"<p><img decoding=\"async\" class=\"alignnone size-medium wp-image-1717\" src=\"https:\/\/arcturus-stella.fr\/wp-content\/uploads\/2025\/11\/Beige-Elegant-Workbook-Workplace-Wellness-US-Letter-Document-2.png\" alt=\"\" width=\"1\" height=\"1\" \/><img decoding=\"async\" class=\"alignnone size-medium wp-image-1716\" src=\"https:\/\/arcturus-stella.fr\/wp-content\/uploads\/2025\/11\/Beige-Elegant-Workbook-Workplace-Wellness-US-Letter-Document-1.png\" alt=\"\" width=\"1\" height=\"1\" \/>Cet ebook a \u00e9t\u00e9 con\u00e7u par la Maison pour vous offrir des cl\u00e9s et des astuces dans le but d&rsquo;int\u00e9grer des rituels d&rsquo;ancrage \u00e0 votre quotidien.<\/p>\n<p>Cet ebook contient :<\/p>\n<ul>\n<li>Un espace d\u00e9couverte des rituels d&rsquo;ancrage made by Arcturus Stella<\/li>\n<li>Des astuces pour se reconnecter \u00e0 soi en respectant ses propres rythmes<\/li>\n<li>12 cartes d&rsquo;affirmations positives imprimables<\/li>\n<\/ul>\n<p>Le Ebook se t\u00e9l\u00e9chargera sur votre appareil directement apr\u00e8s le paiement.<\/p>\n<p>&nbsp;<\/p>\n","protected":false},"excerpt":{"rendered":"<p><img decoding=\"async\" class=\"alignnone size-medium wp-image-1715\" src=\"https:\/\/arcturus-stella.fr\/wp-content\/uploads\/2025\/11\/Beige-Elegant-Workbook-Workplace-Wellness-US-Letter-Document.png\" alt=\"\" width=\"1\" height=\"1\" \/><\/p>\n","protected":false},"featured_media":1717,"comment_status":"open","ping_status":"closed","template":"","meta":[],"product_brand":[],"product_cat":[32],"product_tag":[],"class_list":{"0":"post-1714","1":"product","2":"type-product","3":"status-publish","4":"has-post-thumbnail","6":"product_cat-produits","8":"first","9":"instock","10":"downloadable","11":"shipping-taxable","12":"purchasable","13":"product-type-simple"},"_links":{"self":[{"href":"https:\/\/arcturus-stella.fr\/index.php?rest_route=\/wp\/v2\/product\/1714","targetHints":{"allow":["GET"]}}],"collection":[{"href":"https:\/\/arcturus-stella.fr\/index.php?rest_route=\/wp\/v2\/product"}],"about":[{"href":"https:\/\/arcturus-stella.fr\/index.php?rest_route=\/wp\/v2\/types\/product"}],"replies":[{"embeddable":true,"href":"https:\/\/arcturus-stella.fr\/index.php?rest_route=%2Fwp%2Fv2%2Fcomments&post=1714"}],"wp:featuredmedia":[{"embeddable":true,"href":"https:\/\/arcturus-stella.fr\/index.php?rest_route=\/wp\/v2\/media\/1717"}],"wp:attachment":[{"href":"https:\/\/arcturus-stella.fr\/index.php?rest_route=%2Fwp%2Fv2%2Fmedia&parent=1714"}],"wp:term":[{"taxonomy":"product_brand","embeddable":true,"href":"https:\/\/arcturus-stella.fr\/index.php?rest_route=%2Fwp%2Fv2%2Fproduct_brand&post=1714"},{"taxonomy":"product_cat","embeddable":true,"href":"https:\/\/arcturus-stella.fr\/index.php?rest_route=%2Fwp%2Fv2%2Fproduct_cat&post=1714"},{"taxonomy":"product_tag","embeddable":true,"href":"https:\/\/arcturus-stella.fr\/index.php?rest_route=%2Fwp%2Fv2%2Fproduct_tag&post=1714"}],"curies":[{"name":"wp","href":"https:\/\/api.w.org\/{rel}","templated":true}]}}